{"id":4109,"date":"2022-12-15T09:51:56","date_gmt":"2022-12-15T08:51:56","guid":{"rendered":"https:\/\/dercsalotech.nl\/?page_id=4109"},"modified":"2026-01-09T16:16:47","modified_gmt":"2026-01-09T15:16:47","slug":"home","status":"publish","type":"page","link":"https:\/\/dercsalotech.nl\/de\/","title":{"rendered":"Home"},"content":{"rendered":"<p>DERC Salotech bietet ganzheitliche L\u00f6sungen, Systeme und jedes notwendige Zubeh\u00f6r f\u00fcr das Hochdruckwasserstrahlen. Seit fast 40 Jahren widmen wir uns der Hochdruckwasserstrahltechnologie f\u00fcr die industrielle Reinigung und Oberfl\u00e4chenvorbereitung und sind ein Qualit\u00e4tspartner f\u00fcr Fachleute auf der ganzen Welt. DERC Salotech betreut Tausende von Kunden und Organisationen in mehr als 40 L\u00e4ndern. Als Erstausr\u00fcster von Wasserstrahlsystemen konstruieren, entwickeln und produzieren wir kontinuierlich neue Produkte und bieten Innovationen, die die Arbeit einfacher, sicherer und effektiver machen. <\/p>\n","protected":false},"excerpt":{"rendered":"DERC Salotech bietet ganzheitliche L\u00f6sungen, Systeme und jedes notwendige Zubeh\u00f6r f\u00fcr das Hochdruckwasserstrahlen. Seit fast 40 Jahren widmen wir uns der Hochdruckwasserstrahltechnologie f\u00fcr die industrielle Reinigung und Oberfl\u00e4chenvorbereitung und sind ein Qualit\u00e4tspartner f\u00fcr Fachleute auf der ganzen Welt. DERC Salotech betreut Tausende von Kunden und Organisationen in mehr als 40 L\u00e4ndern. Als Erstausr\u00fcster von Wasserstrahlsystemen&#8230; <a class=\"view-article\" href=\"https:\/\/dercsalotech.nl\/de\/\">Artikel ansehen<\/a>","protected":false},"author":2,"featured_media":0,"parent":0,"menu_order":0,"comment_status":"closed","ping_status":"closed","template":"","meta":{"_acf_changed":false,"_improvement_type_select":"improve_an_existing","_thumb_yes_seoaic":false,"_frame_yes_seoaic":false,"seoaic_generate_description":"","seoaic_improve_instructions_prompt":"","seoaic_rollback_content_improvement":"","seoaic_idea_thumbnail_generator":"","thumbnail_generated":false,"thumbnail_generate_prompt":"","seoaic_article_description":"","footnotes":""},"class_list":["post-4109","page","type-page","status-publish","hentry"],"acf":[],"yoast_head":"<!-- This site is optimized with the Yoast SEO plugin v27.1.1 - https:\/\/yoast.com\/product\/yoast-seo-wordpress\/ -->\n<title>Home - Derc Salotech<\/title>\n<meta name=\"robots\" content=\"index, follow, max-snippet:-1, max-image-preview:large, max-video-preview:-1\" \/>\n<link rel=\"canonical\" href=\"https:\/\/dercsalotech.nl\/de\/\" \/>\n<meta property=\"og:locale\" content=\"de_DE\" \/>\n<meta property=\"og:type\" content=\"article\" \/>\n<meta property=\"og:title\" content=\"Home - Derc Salotech\" \/>\n<meta property=\"og:description\" content=\"DERC Salotech bietet ganzheitliche L\u00f6sungen, Systeme und jedes notwendige Zubeh\u00f6r f\u00fcr das Hochdruckwasserstrahlen. Seit fast 40 Jahren widmen wir uns der Hochdruckwasserstrahltechnologie f\u00fcr die industrielle Reinigung und Oberfl\u00e4chenvorbereitung und sind ein Qualit\u00e4tspartner f\u00fcr Fachleute auf der ganzen Welt. DERC Salotech betreut Tausende von Kunden und Organisationen in mehr als 40 L\u00e4ndern. Als Erstausr\u00fcster von Wasserstrahlsystemen... Artikel ansehen\" \/>\n<meta property=\"og:url\" content=\"https:\/\/dercsalotech.nl\/de\/\" \/>\n<meta property=\"og:site_name\" content=\"Derc Salotech\" \/>\n<meta property=\"article:modified_time\" content=\"2026-01-09T15:16:47+00:00\" \/>\n<meta name=\"twitter:card\" content=\"summary_large_image\" \/>\n<meta name=\"twitter:label1\" content=\"Gesch\u00e4tzte Lesezeit\" \/>\n\t<meta name=\"twitter:data1\" content=\"4\u00a0Minuten\" \/>\n<script type=\"application\/ld+json\" class=\"yoast-schema-graph\">{\"@context\":\"https:\/\/schema.org\",\"@graph\":[{\"@type\":\"WebPage\",\"@id\":\"https:\/\/dercsalotech.nl\/de\/\",\"url\":\"https:\/\/dercsalotech.nl\/de\/\",\"name\":\"Home - Derc Salotech\",\"isPartOf\":{\"@id\":\"https:\/\/dercsalotech.nl\/de\/#website\"},\"datePublished\":\"2022-12-15T08:51:56+00:00\",\"dateModified\":\"2026-01-09T15:16:47+00:00\",\"breadcrumb\":{\"@id\":\"https:\/\/dercsalotech.nl\/de\/#breadcrumb\"},\"inLanguage\":\"de\",\"potentialAction\":[{\"@type\":\"ReadAction\",\"target\":[\"https:\/\/dercsalotech.nl\/de\/\"]}]},{\"@type\":\"BreadcrumbList\",\"@id\":\"https:\/\/dercsalotech.nl\/de\/#breadcrumb\",\"itemListElement\":[{\"@type\":\"ListItem\",\"position\":1,\"name\":\"Home\",\"item\":\"https:\/\/dercsalotech.nl\/de\/\"},{\"@type\":\"ListItem\",\"position\":2,\"name\":\"Home\"}]},{\"@type\":\"WebSite\",\"@id\":\"https:\/\/dercsalotech.nl\/de\/#website\",\"url\":\"https:\/\/dercsalotech.nl\/de\/\",\"name\":\"Derc Salotech\",\"description\":\"En nog een WordPress site\",\"potentialAction\":[{\"@type\":\"SearchAction\",\"target\":{\"@type\":\"EntryPoint\",\"urlTemplate\":\"https:\/\/dercsalotech.nl\/de\/?s={search_term_string}\"},\"query-input\":{\"@type\":\"PropertyValueSpecification\",\"valueRequired\":true,\"valueName\":\"search_term_string\"}}],\"inLanguage\":\"de\"}]}<\/script>\n<!-- \/ Yoast SEO plugin. -->","yoast_head_json":{"title":"Home - Derc Salotech","robots":{"index":"index","follow":"follow","max-snippet":"max-snippet:-1","max-image-preview":"max-image-preview:large","max-video-preview":"max-video-preview:-1"},"canonical":"https:\/\/dercsalotech.nl\/de\/","og_locale":"de_DE","og_type":"article","og_title":"Home - Derc Salotech","og_description":"DERC Salotech bietet ganzheitliche L\u00f6sungen, Systeme und jedes notwendige Zubeh\u00f6r f\u00fcr das Hochdruckwasserstrahlen. Seit fast 40 Jahren widmen wir uns der Hochdruckwasserstrahltechnologie f\u00fcr die industrielle Reinigung und Oberfl\u00e4chenvorbereitung und sind ein Qualit\u00e4tspartner f\u00fcr Fachleute auf der ganzen Welt. DERC Salotech betreut Tausende von Kunden und Organisationen in mehr als 40 L\u00e4ndern. Als Erstausr\u00fcster von Wasserstrahlsystemen... Artikel ansehen","og_url":"https:\/\/dercsalotech.nl\/de\/","og_site_name":"Derc Salotech","article_modified_time":"2026-01-09T15:16:47+00:00","twitter_card":"summary_large_image","twitter_misc":{"Gesch\u00e4tzte Lesezeit":"4\u00a0Minuten"},"schema":{"@context":"https:\/\/schema.org","@graph":[{"@type":"WebPage","@id":"https:\/\/dercsalotech.nl\/de\/","url":"https:\/\/dercsalotech.nl\/de\/","name":"Home - Derc Salotech","isPartOf":{"@id":"https:\/\/dercsalotech.nl\/de\/#website"},"datePublished":"2022-12-15T08:51:56+00:00","dateModified":"2026-01-09T15:16:47+00:00","breadcrumb":{"@id":"https:\/\/dercsalotech.nl\/de\/#breadcrumb"},"inLanguage":"de","potentialAction":[{"@type":"ReadAction","target":["https:\/\/dercsalotech.nl\/de\/"]}]},{"@type":"BreadcrumbList","@id":"https:\/\/dercsalotech.nl\/de\/#breadcrumb","itemListElement":[{"@type":"ListItem","position":1,"name":"Home","item":"https:\/\/dercsalotech.nl\/de\/"},{"@type":"ListItem","position":2,"name":"Home"}]},{"@type":"WebSite","@id":"https:\/\/dercsalotech.nl\/de\/#website","url":"https:\/\/dercsalotech.nl\/de\/","name":"Derc Salotech","description":"En nog een WordPress site","potentialAction":[{"@type":"SearchAction","target":{"@type":"EntryPoint","urlTemplate":"https:\/\/dercsalotech.nl\/de\/?s={search_term_string}"},"query-input":{"@type":"PropertyValueSpecification","valueRequired":true,"valueName":"search_term_string"}}],"inLanguage":"de"}]}},"_links":{"self":[{"href":"https:\/\/dercsalotech.nl\/de\/wp-json\/wp\/v2\/pages\/4109","targetHints":{"allow":["GET"]}}],"collection":[{"href":"https:\/\/dercsalotech.nl\/de\/wp-json\/wp\/v2\/pages"}],"about":[{"href":"https:\/\/dercsalotech.nl\/de\/wp-json\/wp\/v2\/types\/page"}],"author":[{"embeddable":true,"href":"https:\/\/dercsalotech.nl\/de\/wp-json\/wp\/v2\/users\/2"}],"replies":[{"embeddable":true,"href":"https:\/\/dercsalotech.nl\/de\/wp-json\/wp\/v2\/comments?post=4109"}],"version-history":[{"count":23,"href":"https:\/\/dercsalotech.nl\/de\/wp-json\/wp\/v2\/pages\/4109\/revisions"}],"predecessor-version":[{"id":6893,"href":"https:\/\/dercsalotech.nl\/de\/wp-json\/wp\/v2\/pages\/4109\/revisions\/6893"}],"wp:attachment":[{"href":"https:\/\/dercsalotech.nl\/de\/wp-json\/wp\/v2\/media?parent=4109"}],"curies":[{"name":"wp","href":"https:\/\/api.w.org\/{rel}","templated":true}]}}