{"id":4200,"date":"2022-11-25T13:32:20","date_gmt":"2022-11-25T12:32:20","guid":{"rendered":"https:\/\/dercsalotech.nl\/?page_id=4200"},"modified":"2024-12-16T08:56:24","modified_gmt":"2024-12-16T07:56:24","slug":"datenschutzerklaerung","status":"publish","type":"page","link":"https:\/\/dercsalotech.nl\/de\/datenschutzerklaerung\/","title":{"rendered":"Datenschutzerkl\u00e4rung"},"content":{"rendered":"<blockquote><p>Bitte beachten Sie: Es ist m\u00f6glich, dass wir Ihrer Anfrage nicht in allen F\u00e4llen nachkommen k\u00f6nnen. Sollte dies der Fall sein, werden wir Ihnen die Gr\u00fcnde mitteilen.<\/p><\/blockquote>\n<h3>Welche Arten von personenbezogenen Daten verarbeiten wir?<\/h3>\n<ul>\n<li>Kontaktdaten<\/li>\n<li>Pers\u00f6nliche Angaben<\/li>\n<li>Geschlecht<\/li>\n<\/ul>\n<h3>Warum verarbeiten wir personenbezogene Daten?<\/h3>\n<ul>\n<li>Um Sie zu einem Produkt zu beraten<\/li>\n<li>Zur Bestellung von Produkten<\/li>\n<li>F\u00fcr die Kundenbeziehungspflege<\/li>\n<li>Zur Organisation von Schulungen und dazugeh\u00f6rigen Pr\u00fcfungen<\/li>\n<li>F\u00fcr Marketingaktivit\u00e4ten<\/li>\n<li>Zur Durchf\u00fchrung von Identit\u00e4tspr\u00fcfungen, um Betrug zu verhindern<\/li>\n<\/ul>\n<h3>Wann d\u00fcrfen wir Ihre personenbezogenen Daten verarbeiten?<\/h3>\n<ul>\n<li>Wenn dies zur Erf\u00fcllung unseres Vertrags mit Ihnen erforderlich ist<\/li>\n<li>Wenn dies im Rahmen unserer Gesch\u00e4ftst\u00e4tigkeiten erlaubt ist. Dabei ber\u00fccksichtigen wir selbstverst\u00e4ndlich Ihre Interessen<\/li>\n<li>Wenn dies notwendig ist, um gesetzliche Verpflichtungen zu erf\u00fcllen, die f\u00fcr uns gelten<\/li>\n<li>Wenn Sie uns ausdr\u00fccklich Ihre Zustimmung f\u00fcr bestimmte Zwecke erteilt haben<\/li>\n<\/ul>\n<h3>Wie lange speichern wir Ihre personenbezogenen Daten?<\/h3>\n<ul>\n<li>W\u00e4hrend der f\u00fcr uns geltenden gesetzlichen Aufbewahrungsfristen<\/li>\n<li>Solange wir dies f\u00fcr erforderlich halten, mindestens jedoch w\u00e4hrend der Dauer unserer Beziehung oder des Vertrags. Wir halten uns an die maximalen gesetzlichen Aufbewahrungsfristen<\/li>\n<\/ul>\n<h3>Welche Rechte haben Sie in Bezug auf die Verarbeitung Ihrer Daten?<\/h3>\n<ul>\n<li>Informationen dar\u00fcber, ob wir Ihre Daten verarbeiten<\/li>\n<li>Berichtigung Ihrer Daten<\/li>\n<li>Zugang zu Ihren Daten<\/li>\n<li>Einschr\u00e4nkung der Nutzung Ihrer Daten<\/li>\n<li>Widerspruch gegen die Nutzung Ihrer Daten<\/li>\n<li>L\u00f6schung Ihrer Daten<\/li>\n<li>\u00dcbertragung Ihrer Daten<\/li>\n<\/ul>\n<h3>Wie sch\u00fctzen wir Ihre personenbezogenen Daten?<\/h3>\n<p>Wir stellen sicher, dass alle geeigneten technischen und organisatorischen Sicherheitsma\u00dfnahmen getroffen werden. Es besteht eine Meldepflicht f\u00fcr Datenschutzverletzungen. Vorf\u00e4lle werden dokumentiert und, falls erforderlich, gemeldet.<\/p>\n<h3>Datenschutzerkl\u00e4rung<\/h3>\n<p>Die jeweils aktuellste Datenschutzerkl\u00e4rung finden Sie stets in der Fu\u00dfzeile unserer Website. Dort k\u00f6nnen Sie genau nachlesen, wie wir mit datenschutzsensiblen Informationen umgehen.<\/p>\n<h3>Haben Sie eine Frage oder Beschwerde?<\/h3>\n<p>Bitte kontaktieren Sie uns unter privacy@derc.nl. Sie k\u00f6nnen auch direkt eine Beschwerde bei der <a href=\"https:\/\/commission.europa.eu\/law\/law-topic\/data-protection\/rules-business-and-organisations_en\" rel=\"noopener\" target=\"_blank\">Europ\u00e4ischen Datenschutzbeh\u00f6rde<\/a> einreichen.<\/p>\n","protected":false},"excerpt":{"rendered":"Bitte beachten Sie: Es ist m\u00f6glich, dass wir Ihrer Anfrage nicht in allen F\u00e4llen nachkommen k\u00f6nnen. Sollte dies der Fall sein, werden wir Ihnen die Gr\u00fcnde mitteilen. Welche Arten von personenbezogenen Daten verarbeiten wir? Kontaktdaten Pers\u00f6nliche Angaben Geschlecht Warum verarbeiten wir personenbezogene Daten? Um Sie zu einem Produkt zu beraten Zur Bestellung von Produkten F\u00fcr&#8230; <a class=\"view-article\" href=\"https:\/\/dercsalotech.nl\/de\/datenschutzerklaerung\/\">Artikel ansehen<\/a>","protected":false},"author":2,"featured_media":0,"parent":0,"menu_order":0,"comment_status":"closed","ping_status":"open","template":"","meta":{"_acf_changed":false,"_improvement_type_select":"improve_an_existing","_thumb_yes_seoaic":false,"_frame_yes_seoaic":false,"seoaic_generate_description":"","seoaic_improve_instructions_prompt":"","seoaic_rollback_content_improvement":"","seoaic_idea_thumbnail_generator":"","thumbnail_generated":false,"thumbnail_generate_prompt":"","seoaic_article_description":"","footnotes":""},"class_list":["post-4200","page","type-page","status-publish","hentry"],"acf":[],"yoast_head":"<!-- This site is optimized with the Yoast SEO plugin v27.1.1 - https:\/\/yoast.com\/product\/yoast-seo-wordpress\/ -->\n<title>Datenschutzerkl\u00e4rung - Derc Salotech<\/title>\n<meta name=\"robots\" content=\"index, follow, max-snippet:-1, max-image-preview:large, max-video-preview:-1\" \/>\n<link rel=\"canonical\" href=\"https:\/\/dercsalotech.nl\/de\/datenschutzerklaerung\/\" \/>\n<meta property=\"og:locale\" content=\"de_DE\" \/>\n<meta property=\"og:type\" content=\"article\" \/>\n<meta property=\"og:title\" content=\"Datenschutzerkl\u00e4rung - Derc Salotech\" \/>\n<meta property=\"og:description\" content=\"Bitte beachten Sie: Es ist m\u00f6glich, dass wir Ihrer Anfrage nicht in allen F\u00e4llen nachkommen k\u00f6nnen. Sollte dies der Fall sein, werden wir Ihnen die Gr\u00fcnde mitteilen. Welche Arten von personenbezogenen Daten verarbeiten wir? Kontaktdaten Pers\u00f6nliche Angaben Geschlecht Warum verarbeiten wir personenbezogene Daten? Um Sie zu einem Produkt zu beraten Zur Bestellung von Produkten F\u00fcr... Artikel ansehen\" \/>\n<meta property=\"og:url\" content=\"https:\/\/dercsalotech.nl\/de\/datenschutzerklaerung\/\" \/>\n<meta property=\"og:site_name\" content=\"Derc Salotech\" \/>\n<meta property=\"article:modified_time\" content=\"2024-12-16T07:56:24+00:00\" \/>\n<meta name=\"twitter:card\" content=\"summary_large_image\" \/>\n<meta name=\"twitter:label1\" content=\"Gesch\u00e4tzte Lesezeit\" \/>\n\t<meta name=\"twitter:data1\" content=\"2\u00a0Minuten\" \/>\n<script type=\"application\/ld+json\" class=\"yoast-schema-graph\">{\"@context\":\"https:\/\/schema.org\",\"@graph\":[{\"@type\":\"WebPage\",\"@id\":\"https:\/\/dercsalotech.nl\/de\/datenschutzerklaerung\/\",\"url\":\"https:\/\/dercsalotech.nl\/de\/datenschutzerklaerung\/\",\"name\":\"Datenschutzerkl\u00e4rung - Derc Salotech\",\"isPartOf\":{\"@id\":\"https:\/\/dercsalotech.nl\/de\/#website\"},\"datePublished\":\"2022-11-25T12:32:20+00:00\",\"dateModified\":\"2024-12-16T07:56:24+00:00\",\"breadcrumb\":{\"@id\":\"https:\/\/dercsalotech.nl\/de\/datenschutzerklaerung\/#breadcrumb\"},\"inLanguage\":\"de\",\"potentialAction\":[{\"@type\":\"ReadAction\",\"target\":[\"https:\/\/dercsalotech.nl\/de\/datenschutzerklaerung\/\"]}]},{\"@type\":\"BreadcrumbList\",\"@id\":\"https:\/\/dercsalotech.nl\/de\/datenschutzerklaerung\/#breadcrumb\",\"itemListElement\":[{\"@type\":\"ListItem\",\"position\":1,\"name\":\"Home\",\"item\":\"https:\/\/dercsalotech.nl\/de\/\"},{\"@type\":\"ListItem\",\"position\":2,\"name\":\"Datenschutzerkl\u00e4rung\"}]},{\"@type\":\"WebSite\",\"@id\":\"https:\/\/dercsalotech.nl\/de\/#website\",\"url\":\"https:\/\/dercsalotech.nl\/de\/\",\"name\":\"Derc Salotech\",\"description\":\"En nog een WordPress site\",\"potentialAction\":[{\"@type\":\"SearchAction\",\"target\":{\"@type\":\"EntryPoint\",\"urlTemplate\":\"https:\/\/dercsalotech.nl\/de\/?s={search_term_string}\"},\"query-input\":{\"@type\":\"PropertyValueSpecification\",\"valueRequired\":true,\"valueName\":\"search_term_string\"}}],\"inLanguage\":\"de\"}]}<\/script>\n<!-- \/ Yoast SEO plugin. -->","yoast_head_json":{"title":"Datenschutzerkl\u00e4rung - Derc Salotech","robots":{"index":"index","follow":"follow","max-snippet":"max-snippet:-1","max-image-preview":"max-image-preview:large","max-video-preview":"max-video-preview:-1"},"canonical":"https:\/\/dercsalotech.nl\/de\/datenschutzerklaerung\/","og_locale":"de_DE","og_type":"article","og_title":"Datenschutzerkl\u00e4rung - Derc Salotech","og_description":"Bitte beachten Sie: Es ist m\u00f6glich, dass wir Ihrer Anfrage nicht in allen F\u00e4llen nachkommen k\u00f6nnen. Sollte dies der Fall sein, werden wir Ihnen die Gr\u00fcnde mitteilen. Welche Arten von personenbezogenen Daten verarbeiten wir? Kontaktdaten Pers\u00f6nliche Angaben Geschlecht Warum verarbeiten wir personenbezogene Daten? Um Sie zu einem Produkt zu beraten Zur Bestellung von Produkten F\u00fcr... Artikel ansehen","og_url":"https:\/\/dercsalotech.nl\/de\/datenschutzerklaerung\/","og_site_name":"Derc Salotech","article_modified_time":"2024-12-16T07:56:24+00:00","twitter_card":"summary_large_image","twitter_misc":{"Gesch\u00e4tzte Lesezeit":"2\u00a0Minuten"},"schema":{"@context":"https:\/\/schema.org","@graph":[{"@type":"WebPage","@id":"https:\/\/dercsalotech.nl\/de\/datenschutzerklaerung\/","url":"https:\/\/dercsalotech.nl\/de\/datenschutzerklaerung\/","name":"Datenschutzerkl\u00e4rung - Derc Salotech","isPartOf":{"@id":"https:\/\/dercsalotech.nl\/de\/#website"},"datePublished":"2022-11-25T12:32:20+00:00","dateModified":"2024-12-16T07:56:24+00:00","breadcrumb":{"@id":"https:\/\/dercsalotech.nl\/de\/datenschutzerklaerung\/#breadcrumb"},"inLanguage":"de","potentialAction":[{"@type":"ReadAction","target":["https:\/\/dercsalotech.nl\/de\/datenschutzerklaerung\/"]}]},{"@type":"BreadcrumbList","@id":"https:\/\/dercsalotech.nl\/de\/datenschutzerklaerung\/#breadcrumb","itemListElement":[{"@type":"ListItem","position":1,"name":"Home","item":"https:\/\/dercsalotech.nl\/de\/"},{"@type":"ListItem","position":2,"name":"Datenschutzerkl\u00e4rung"}]},{"@type":"WebSite","@id":"https:\/\/dercsalotech.nl\/de\/#website","url":"https:\/\/dercsalotech.nl\/de\/","name":"Derc Salotech","description":"En nog een WordPress site","potentialAction":[{"@type":"SearchAction","target":{"@type":"EntryPoint","urlTemplate":"https:\/\/dercsalotech.nl\/de\/?s={search_term_string}"},"query-input":{"@type":"PropertyValueSpecification","valueRequired":true,"valueName":"search_term_string"}}],"inLanguage":"de"}]}},"_links":{"self":[{"href":"https:\/\/dercsalotech.nl\/de\/wp-json\/wp\/v2\/pages\/4200","targetHints":{"allow":["GET"]}}],"collection":[{"href":"https:\/\/dercsalotech.nl\/de\/wp-json\/wp\/v2\/pages"}],"about":[{"href":"https:\/\/dercsalotech.nl\/de\/wp-json\/wp\/v2\/types\/page"}],"author":[{"embeddable":true,"href":"https:\/\/dercsalotech.nl\/de\/wp-json\/wp\/v2\/users\/2"}],"replies":[{"embeddable":true,"href":"https:\/\/dercsalotech.nl\/de\/wp-json\/wp\/v2\/comments?post=4200"}],"version-history":[{"count":3,"href":"https:\/\/dercsalotech.nl\/de\/wp-json\/wp\/v2\/pages\/4200\/revisions"}],"predecessor-version":[{"id":4204,"href":"https:\/\/dercsalotech.nl\/de\/wp-json\/wp\/v2\/pages\/4200\/revisions\/4204"}],"wp:attachment":[{"href":"https:\/\/dercsalotech.nl\/de\/wp-json\/wp\/v2\/media?parent=4200"}],"curies":[{"name":"wp","href":"https:\/\/api.w.org\/{rel}","templated":true}]}}